{"id":759,"date":"2023-01-12T22:37:11","date_gmt":"2023-01-12T21:37:11","guid":{"rendered":"https:\/\/lecerfvert.com\/?page_id=759"},"modified":"2025-06-03T16:54:59","modified_gmt":"2025-06-03T15:54:59","slug":"consentement-eclaire","status":"publish","type":"page","link":"https:\/\/psychologist.brussels\/fr\/home\/consentement-eclaire\/","title":{"rendered":"Consentement \u00e9clair\u00e9"},"content":{"rendered":"\n<div style=\"height:25px\" aria-hidden=\"true\" class=\"wp-block-spacer editorskit-no-tablet editorskit-no-mobile\"><\/div>\n\n\n\n<h3 class=\"wp-block-heading\">CONSENTEMENT \u00c9CLAIR\u00c9 POUR L&rsquo;\u00c9VALUATION ET LE TRAITEMENT<\/h3>\n\n\n\n<p>La th\u00e9rapie psychologique est une relation entre patient et psychologue qui fonctionne, en partie, gr\u00e2ce aux droits et responsabilit\u00e9s clairement d\u00e9finis par chacune des parties. Ceux-ci vous aident \u00e0 cr\u00e9er un cadre de s\u00e9curit\u00e9 dans lequel vous vous sentez \u00e0 l&rsquo;aise pour d\u00e9velopper une th\u00e9rapie.<\/p>\n\n\n\n<p>En tant que client d&rsquo;une psychoth\u00e9rapie, vous avez certains droits qu&rsquo;il est important de conna\u00eetre pour faciliter le d\u00e9veloppement de votre th\u00e9rapie et votre bien-\u00eatre, bien qu&rsquo;il y ait certaines limites \u00e0 prendre en compte. D&rsquo;un autre c\u00f4t\u00e9, le th\u00e9rapeute a aussi des responsabilit\u00e9s.<\/p>\n\n\n\n<div style=\"height:25px\" aria-hidden=\"true\" class=\"wp-block-spacer editorskit-no-tablet editorskit-no-mobile\"><\/div>\n\n\n\n<h3 class=\"wp-block-heading\">RESPONSABILIT\u00c9S DU TH\u00c9RAPEUTE<\/h3>\n\n\n\n<h4 class=\"wp-block-heading\">I. Confidentialit\u00e9<\/h4>\n\n\n\n<p>\u00c0 l&rsquo;exception de certaines exceptions sp\u00e9cifiques d\u00e9crites ci-dessous, vous avez le droit absolu \u00e0 la confidentialit\u00e9 en th\u00e9rapie. Le psychologue ne peut pas communiquer le contenu du traitement, pas m\u00eame le fait que vous \u00eates en th\u00e9rapie avec nous, sans votre permission.<\/p>\n\n\n\n<p>Nous pouvons communiquer des informations strictement n\u00e9cessaires \u00e0 d&rsquo;autres prestataires de sant\u00e9 ou \u00e0 des membres de votre famille sans votre consentement pr\u00e9alable uniquement en cas de situation d&rsquo;urgence. Nous agirons toujours pour prot\u00e9ger votre vie priv\u00e9e. Dans le cas o\u00f9 vous nous dites que nous pouvons partager des informations avec quelqu&rsquo;un en qui vous avez confiance, vous avez le droit de r\u00e9voquer cette d\u00e9cision \u00e0 tout moment.<\/p>\n\n\n\n<p>Au cas o\u00f9 vous et votre partenaire suiviez une th\u00e9rapie de couple et d\u00e9cidiez d&rsquo;avoir des s\u00e9ances individuelles, ce qui est dit dans les s\u00e9ances individuelles est consid\u00e9r\u00e9 comme faisant partie de la th\u00e9rapie de couple et il peut \u00eatre discut\u00e9 dans les s\u00e9ances conjointes. Ne communiquez pas ce que vous ne voulez pas partager avec votre partenaire. Cette politique sera rappel\u00e9e avant le d\u00e9but des s\u00e9ances individuelles.<\/p>\n\n\n\n<p><strong>Les cas suivants sont des exceptions l\u00e9gales \u00e0 votre droit \u00e0 la confidentialit\u00e9. Vous serez inform\u00e9 au cas o\u00f9 nous pensons qu&rsquo;ils devraient \u00eatre mis en pratique.<\/strong><\/p>\n\n\n\n<ol class=\"wp-block-list\">\n<li>S&rsquo;il y a des indications que vous pouvez blesser une autre personne, nous devons avertir cette personne et avertir de vos intentions. Nous devrons \u00e9galement contacter la police et demander que la victime \u00e9ventuelle soit prot\u00e9g\u00e9e.<\/li>\n\n\n\n<li>S&rsquo;il y a des indications que vous maltraitez ou n\u00e9gligez un enfant ou un adulte vuln\u00e9rable, ou si vous nous donnez des informations sur quelqu&rsquo;un qui le fait, nous sommes tenus d&rsquo;informer les services de protection.<\/li>\n\n\n\n<li>S&rsquo;il y a des indications que vous \u00eates en danger imminent de vous faire du mal, nous devrions appeler la police.<\/li>\n<\/ol>\n\n\n\n<div style=\"height:25px\" aria-hidden=\"true\" class=\"wp-block-spacer editorskit-no-tablet editorskit-no-mobile\"><\/div>\n\n\n\n<h4 class=\"wp-block-heading\">II. R\u00e8gles de protection des donn\u00e9es et tenue de registres<\/h4>\n\n\n\n<p>Toutes les donn\u00e9es collect\u00e9es sont trait\u00e9es conform\u00e9ment au r\u00e8glement (UE) 2016\/679 du Parlement europ\u00e9en et du Conseil du 27 avril 2016 relatif \u00e0 la protection des personnes physiques \u00e0 l&rsquo;\u00e9gard du traitement des donn\u00e9es \u00e0 caract\u00e8re personnel et \u00e0 la libre circulation de ces donn\u00e9es (R\u00e8glement G\u00e9n\u00e9ral sur la Protection des Donn\u00e9es ou RGPD).&nbsp;<\/p>\n\n\n\n<ul class=\"wp-block-list\">\n<li>Quelles donn\u00e9es collectons-nous ? Nous collectons les donn\u00e9es suivantes : informations d&rsquo;identification personnelle et les enregistrements de vos s\u00e9ances (les interventions qui ont eu lieu et les sujets abord\u00e9s lors de la th\u00e9rapie).<\/li>\n<\/ul>\n\n\n\n<ul class=\"wp-block-list\">\n<li>Comment collectons-nous vos donn\u00e9es ? Vous nous fournissez directement les donn\u00e9es que nous collectons. Nous collectons des donn\u00e9es et traitons des donn\u00e9es lorsque vous : vous inscrivez en ligne et demandez un rendez-vous, utilisez ou consultez notre site web via les cookies de votre navigateur, et lorsque vous assistez \u00e0 une s\u00e9ance.<\/li>\n<\/ul>\n\n\n\n<ul class=\"wp-block-list\">\n<li>Comment allons-nous utiliser vos donn\u00e9es ? Nous, y compris le secr\u00e9tariat de notre entreprise, collectons vos donn\u00e9es afin que nous puissions traiter votre demande de services. Vos donn\u00e9es seront trait\u00e9es de mani\u00e8re confidentielle et ne seront en aucun cas utilis\u00e9es \u00e0 des fins de marketing.<\/li>\n<\/ul>\n\n\n\n<ul class=\"wp-block-list\">\n<li>Comment stockons-nous vos donn\u00e9es ? Nous conservons des enregistrements sur vos donn\u00e9es. Les dossiers sont confidentiels et conserv\u00e9s dans un endroit s\u00fbr auquel aucune autre personne ne peut acc\u00e9der.<\/li>\n<\/ul>\n\n\n\n<div style=\"height:25px\" aria-hidden=\"true\" class=\"wp-block-spacer editorskit-no-tablet editorskit-no-mobile\"><\/div>\n\n\n\n<h4 class=\"wp-block-heading\">III. Autres droits<\/h4>\n\n\n\n<p>Vous avez le droit de poser des questions sur tout ce qui se passe en th\u00e9rapie. Nous sommes toujours pr\u00eats \u00e0 discuter comment et pourquoi nous avons d\u00e9cid\u00e9 de faire les interventions que nous avons d\u00e9cid\u00e9 de faire. Dans le cas o\u00f9 vous pensez que le th\u00e9rapeute n&rsquo;est pas bon pour vous, vous pouvez demander la recommandation d&rsquo;un autre psychologue \u00e0 tout moment ou laisser la th\u00e9rapie librement.<\/p>\n\n\n\n<div style=\"height:40px\" aria-hidden=\"true\" class=\"wp-block-spacer editorskit-no-tablet editorskit-no-mobile\"><\/div>\n\n\n\n<h3 class=\"wp-block-heading\">VOS RESPONSABILIT\u00c9S<\/h3>\n\n\n\n<p>Vous \u00eates responsable d&rsquo;assister \u00e0 la s\u00e9ance \u00e0 l&rsquo;heure pr\u00e9vue. Les s\u00e9ances durent environ 45 minutes. Si nous commen\u00e7ons tard, nous terminerons \u00e0 l&rsquo;heure pr\u00e9vue pour ne pas interrompre la s\u00e9ance d&rsquo;une autre personne.<\/p>\n\n\n\n<p>Si vous ne pouvez pas assister \u00e0 votre rendez-vous, veuillez nous en informer au moins 24h \u00e0 l&rsquo;avance avant votre rendez-vous. Par email (joel@psy.brussels) ou par WhatsApp (<a href=\"https:\/\/wa.me\/32486022202\" title=\"+32 486 02 22 02\">+32 486 02 22 02<\/a>).<\/p>\n\n\n\n<p>Sinon, nous nous r\u00e9servons le droit de vous facturer des frais :<\/p>\n\n\n\n<ul class=\"wp-block-list\">\n<li>Le montant total, lorsque le rendez-vous n&rsquo;a pas \u00e9t\u00e9 annul\u00e9<\/li>\n\n\n\n<li>50 \u20ac, en cas d&rsquo;annulation tardive (le jour m\u00eame)<\/li>\n\n\n\n<li>30 \u20ac, en cas d\u2019annulation moins de 24\u202fheures \u00e0 l\u2019avance (la veille)<\/li>\n<\/ul>\n\n\n\n<p>Si vous ne vous pr\u00e9sentez pas \u00e0 deux s\u00e9ances cons\u00e9cutives et que vous ne r\u00e9pondez pas aux tentatives de report, nous supposerons que vous avez abandonn\u00e9 la th\u00e9rapie et laiss\u00e9 de la place \u00e0 quelqu&rsquo;un d&rsquo;autre.<\/p>\n\n\n\n<p>Vous \u00eates responsable du paiement hebdomadaire de votre s\u00e9ance, sauf si d&rsquo;autres dispositions ont \u00e9t\u00e9 prises \u00e0 l&rsquo;avance. Les paiements sont effectu\u00e9s comme convenu.<\/p>\n\n\n\n<p>Si vous n&rsquo;\u00eates pas satisfait du contenu de la th\u00e9rapie, il est de votre devoir de nous le faire savoir afin que nous puissions r\u00e9pondre \u00e0 vos pr\u00e9occupations.<\/p>\n\n\n\n<div style=\"height:40px\" aria-hidden=\"true\" class=\"wp-block-spacer editorskit-no-tablet editorskit-no-mobile\"><\/div>\n\n\n\n<h3 class=\"wp-block-heading\">APPROCHE DE LA TH\u00c9RAPIE<\/h3>\n\n\n\n<p>Chaque psychologue a un mod\u00e8le th\u00e9rapeutique, que nous appelons une approche, qui vient (ou d\u00e9rive) d&rsquo;un cadre et d&rsquo;un arri\u00e8re-plan acad\u00e9mique qui nous permettent d&rsquo;avoir les crit\u00e8res n\u00e9cessaires pour d\u00e9cider de la meilleure technique applicable.<\/p>\n\n\n\n<p>Nous utilisons un mod\u00e8le \u00e9clectique dans la <a href=\"https:\/\/psy.brussels\/fr\/2017\/therapie-cognitivo-comportementale\/\" title=\"Th\u00e9rapie cognitivo-comportementale\">th\u00e9rapie cognitivo-comportementale<\/a>. C&rsquo;est-\u00e0-dire que notre cadre est la psychologie cognitivo-comportementale qui vise la flexibilisation et la modification des sch\u00e8mes dysfonctionnels de la pens\u00e9e li\u00e9s \u00e0 un comportement inadapt\u00e9, mais en m\u00eame temps nous int\u00e9grons des techniques d&rsquo;autres th\u00e9rapies.<\/p>\n\n\n\n<div style=\"height:25px\" aria-hidden=\"true\" class=\"wp-block-spacer editorskit-no-tablet editorskit-no-mobile\"><\/div>\n","protected":false},"excerpt":{"rendered":"<p>CONSENTEMENT \u00c9CLAIR\u00c9 POUR L&rsquo;\u00c9VALUATION ET LE TRAITEMENT La th\u00e9rapie psychologique est une relation entre patient et psychologue qui fonctionne, en partie, gr\u00e2ce aux droits et responsabilit\u00e9s<span class=\"excerpt-hellip\"> [\u2026]<\/span><\/p>\n","protected":false},"author":1,"featured_media":0,"parent":757,"menu_order":0,"comment_status":"closed","ping_status":"closed","template":"","meta":{"_monsterinsights_skip_tracking":false,"_monsterinsights_sitenote_active":false,"_monsterinsights_sitenote_note":"","_monsterinsights_sitenote_category":0,"footnotes":""},"class_list":["post-759","page","type-page","status-publish","hentry"],"aioseo_notices":[],"_links":{"self":[{"href":"https:\/\/psychologist.brussels\/fr\/wp-json\/wp\/v2\/pages\/759","targetHints":{"allow":["GET"]}}],"collection":[{"href":"https:\/\/psychologist.brussels\/fr\/wp-json\/wp\/v2\/pages"}],"about":[{"href":"https:\/\/psychologist.brussels\/fr\/wp-json\/wp\/v2\/types\/page"}],"author":[{"embeddable":true,"href":"https:\/\/psychologist.brussels\/fr\/wp-json\/wp\/v2\/users\/1"}],"replies":[{"embeddable":true,"href":"https:\/\/psychologist.brussels\/fr\/wp-json\/wp\/v2\/comments?post=759"}],"version-history":[{"count":8,"href":"https:\/\/psychologist.brussels\/fr\/wp-json\/wp\/v2\/pages\/759\/revisions"}],"predecessor-version":[{"id":1213,"href":"https:\/\/psychologist.brussels\/fr\/wp-json\/wp\/v2\/pages\/759\/revisions\/1213"}],"up":[{"embeddable":true,"href":"https:\/\/psychologist.brussels\/fr\/wp-json\/wp\/v2\/pages\/757"}],"wp:attachment":[{"href":"https:\/\/psychologist.brussels\/fr\/wp-json\/wp\/v2\/media?parent=759"}],"curies":[{"name":"wp","href":"https:\/\/api.w.org\/{rel}","templated":true}]}}